{"id":88,"date":"2025-02-16T16:03:51","date_gmt":"2025-02-16T16:03:51","guid":{"rendered":"https:\/\/cosme.com.pe\/?page_id=88"},"modified":"2025-02-23T20:53:38","modified_gmt":"2025-02-23T20:53:38","slug":"el-chef","status":"publish","type":"page","link":"https:\/\/cosme.com.pe\/en\/el-chef\/","title":{"rendered":"The chef"},"content":{"rendered":"","protected":false},"excerpt":{"rendered":"","protected":false},"author":1,"featured_media":0,"parent":0,"menu_order":0,"comment_status":"closed","ping_status":"closed","template":"","meta":[],"class_list":["post-88","page","type-page","status-publish","hentry"],"yoast_head":"<!-- This site is optimized with the Yoast SEO plugin v26.9 - https:\/\/yoast.com\/product\/yoast-seo-wordpress\/ -->\n<title>James Berckemeyer | Chef, Consultor Gastron\u00f3mico y Empresario<\/title>\n<meta name=\"description\" content=\"Con m\u00e1s de 20 a\u00f1os de experiencia, James Berckemeyer es Chef, consultor gastron\u00f3mico y empresario en Per\u00fa. Propietario de COSME, P\u00e1nguche y Alado Restaurante &amp; Bar.\" \/>\n<meta name=\"robots\" content=\"index, follow, max-snippet:-1, max-image-preview:large, max-video-preview:-1\" \/>\n<link rel=\"canonical\" href=\"https:\/\/cosme.com.pe\/en\/el-chef\/\" \/>\n<meta property=\"og:locale\" content=\"en_US\" \/>\n<meta property=\"og:type\" content=\"article\" \/>\n<meta property=\"og:title\" content=\"James Berckemeyer | Chef, Consultor Gastron\u00f3mico y Empresario\" \/>\n<meta property=\"og:description\" content=\"Con m\u00e1s de 20 a\u00f1os de experiencia, James Berckemeyer es Chef, consultor gastron\u00f3mico y empresario en Per\u00fa. Propietario de COSME, P\u00e1nguche y Alado Restaurante &amp; Bar.\" \/>\n<meta property=\"og:url\" content=\"https:\/\/cosme.com.pe\/en\/el-chef\/\" \/>\n<meta property=\"og:site_name\" content=\"COSME Restaurante | Comfort Food con Sabor Casero en Lima\" \/>\n<meta property=\"article:modified_time\" content=\"2025-02-23T20:53:38+00:00\" \/>\n<meta name=\"twitter:card\" content=\"summary_large_image\" \/>\n<meta name=\"twitter:label1\" content=\"Est. reading time\" \/>\n\t<meta name=\"twitter:data1\" content=\"1 minute\" \/>\n<script type=\"application\/ld+json\" class=\"yoast-schema-graph\">{\"@context\":\"https:\/\/schema.org\",\"@graph\":[{\"@type\":\"WebPage\",\"@id\":\"https:\/\/cosme.com.pe\/el-chef\/\",\"url\":\"https:\/\/cosme.com.pe\/el-chef\/\",\"name\":\"James Berckemeyer | Chef, Consultor Gastron\u00f3mico y Empresario\",\"isPartOf\":{\"@id\":\"https:\/\/cosme.com.pe\/#website\"},\"datePublished\":\"2025-02-16T16:03:51+00:00\",\"dateModified\":\"2025-02-23T20:53:38+00:00\",\"description\":\"Con m\u00e1s de 20 a\u00f1os de experiencia, James Berckemeyer es Chef, consultor gastron\u00f3mico y empresario en Per\u00fa. Propietario de COSME, P\u00e1nguche y Alado Restaurante & Bar.\",\"breadcrumb\":{\"@id\":\"https:\/\/cosme.com.pe\/el-chef\/#breadcrumb\"},\"inLanguage\":\"en-US\",\"potentialAction\":[{\"@type\":\"ReadAction\",\"target\":[\"https:\/\/cosme.com.pe\/el-chef\/\"]}]},{\"@type\":\"BreadcrumbList\",\"@id\":\"https:\/\/cosme.com.pe\/el-chef\/#breadcrumb\",\"itemListElement\":[{\"@type\":\"ListItem\",\"position\":1,\"name\":\"Portada\",\"item\":\"https:\/\/cosme.com.pe\/\"},{\"@type\":\"ListItem\",\"position\":2,\"name\":\"El chef\"}]},{\"@type\":\"WebSite\",\"@id\":\"https:\/\/cosme.com.pe\/#website\",\"url\":\"https:\/\/cosme.com.pe\/\",\"name\":\"COSME Restaurante | Comfort Food con Sabor Casero en Lima\",\"description\":\"COSME Restaurante en Lima ofrece comfort food con ingredientes frescos, t\u00e9cnicas modernas y un ambiente acogedor. \u00a1Sabores caseros con un toque innovador!\",\"potentialAction\":[{\"@type\":\"SearchAction\",\"target\":{\"@type\":\"EntryPoint\",\"urlTemplate\":\"https:\/\/cosme.com.pe\/?s={search_term_string}\"},\"query-input\":{\"@type\":\"PropertyValueSpecification\",\"valueRequired\":true,\"valueName\":\"search_term_string\"}}],\"inLanguage\":\"en-US\"}]}<\/script>\n<!-- \/ Yoast SEO plugin. -->","yoast_head_json":{"title":"James Berckemeyer | Chef, Consultor Gastron\u00f3mico y Empresario","description":"Con m\u00e1s de 20 a\u00f1os de experiencia, James Berckemeyer es Chef, consultor gastron\u00f3mico y empresario en Per\u00fa. Propietario de COSME, P\u00e1nguche y Alado Restaurante & Bar.","robots":{"index":"index","follow":"follow","max-snippet":"max-snippet:-1","max-image-preview":"max-image-preview:large","max-video-preview":"max-video-preview:-1"},"canonical":"https:\/\/cosme.com.pe\/en\/el-chef\/","og_locale":"en_US","og_type":"article","og_title":"James Berckemeyer | Chef, Consultor Gastron\u00f3mico y Empresario","og_description":"Con m\u00e1s de 20 a\u00f1os de experiencia, James Berckemeyer es Chef, consultor gastron\u00f3mico y empresario en Per\u00fa. Propietario de COSME, P\u00e1nguche y Alado Restaurante & Bar.","og_url":"https:\/\/cosme.com.pe\/en\/el-chef\/","og_site_name":"COSME Restaurante | Comfort Food con Sabor Casero en Lima","article_modified_time":"2025-02-23T20:53:38+00:00","twitter_card":"summary_large_image","twitter_misc":{"Est. reading time":"1 minute"},"schema":{"@context":"https:\/\/schema.org","@graph":[{"@type":"WebPage","@id":"https:\/\/cosme.com.pe\/el-chef\/","url":"https:\/\/cosme.com.pe\/el-chef\/","name":"James Berckemeyer | Chef, Consultor Gastron\u00f3mico y Empresario","isPartOf":{"@id":"https:\/\/cosme.com.pe\/#website"},"datePublished":"2025-02-16T16:03:51+00:00","dateModified":"2025-02-23T20:53:38+00:00","description":"Con m\u00e1s de 20 a\u00f1os de experiencia, James Berckemeyer es Chef, consultor gastron\u00f3mico y empresario en Per\u00fa. Propietario de COSME, P\u00e1nguche y Alado Restaurante & Bar.","breadcrumb":{"@id":"https:\/\/cosme.com.pe\/el-chef\/#breadcrumb"},"inLanguage":"en-US","potentialAction":[{"@type":"ReadAction","target":["https:\/\/cosme.com.pe\/el-chef\/"]}]},{"@type":"BreadcrumbList","@id":"https:\/\/cosme.com.pe\/el-chef\/#breadcrumb","itemListElement":[{"@type":"ListItem","position":1,"name":"Portada","item":"https:\/\/cosme.com.pe\/"},{"@type":"ListItem","position":2,"name":"El chef"}]},{"@type":"WebSite","@id":"https:\/\/cosme.com.pe\/#website","url":"https:\/\/cosme.com.pe\/","name":"COSME Restaurante | Comfort Food con Sabor Casero en Lima","description":"COSME Restaurante en Lima ofrece comfort food con ingredientes frescos, t\u00e9cnicas modernas y un ambiente acogedor. \u00a1Sabores caseros con un toque innovador!","potentialAction":[{"@type":"SearchAction","target":{"@type":"EntryPoint","urlTemplate":"https:\/\/cosme.com.pe\/?s={search_term_string}"},"query-input":{"@type":"PropertyValueSpecification","valueRequired":true,"valueName":"search_term_string"}}],"inLanguage":"en-US"}]}},"_links":{"self":[{"href":"https:\/\/cosme.com.pe\/en\/wp-json\/wp\/v2\/pages\/88","targetHints":{"allow":["GET"]}}],"collection":[{"href":"https:\/\/cosme.com.pe\/en\/wp-json\/wp\/v2\/pages"}],"about":[{"href":"https:\/\/cosme.com.pe\/en\/wp-json\/wp\/v2\/types\/page"}],"author":[{"embeddable":true,"href":"https:\/\/cosme.com.pe\/en\/wp-json\/wp\/v2\/users\/1"}],"replies":[{"embeddable":true,"href":"https:\/\/cosme.com.pe\/en\/wp-json\/wp\/v2\/comments?post=88"}],"version-history":[{"count":27,"href":"https:\/\/cosme.com.pe\/en\/wp-json\/wp\/v2\/pages\/88\/revisions"}],"predecessor-version":[{"id":503,"href":"https:\/\/cosme.com.pe\/en\/wp-json\/wp\/v2\/pages\/88\/revisions\/503"}],"wp:attachment":[{"href":"https:\/\/cosme.com.pe\/en\/wp-json\/wp\/v2\/media?parent=88"}],"curies":[{"name":"wp","href":"https:\/\/api.w.org\/{rel}","templated":true}]}}