{"id":128,"date":"2025-02-16T18:21:52","date_gmt":"2025-02-16T18:21:52","guid":{"rendered":"https:\/\/cosme.com.pe\/?page_id=128"},"modified":"2025-02-23T21:13:22","modified_gmt":"2025-02-23T21:13:22","slug":"prensa","status":"publish","type":"page","link":"https:\/\/cosme.com.pe\/en\/prensa\/","title":{"rendered":"Press"},"content":{"rendered":"","protected":false},"excerpt":{"rendered":"","protected":false},"author":1,"featured_media":0,"parent":0,"menu_order":0,"comment_status":"closed","ping_status":"closed","template":"","meta":[],"class_list":["post-128","page","type-page","status-publish","hentry"],"yoast_head":"<!-- This site is optimized with the Yoast SEO plugin v26.9 - https:\/\/yoast.com\/product\/yoast-seo-wordpress\/ -->\n<title>Prensa | COSME Restaurante en los Medios<\/title>\n<meta name=\"description\" content=\"Descubre lo que dicen los medios sobre COSME Restaurante, con art\u00edculos en El Comercio, Per\u00fa21, La Rep\u00fablica, Somos y m\u00e1s.\" \/>\n<meta name=\"robots\" content=\"index, follow, max-snippet:-1, max-image-preview:large, max-video-preview:-1\" \/>\n<link rel=\"canonical\" href=\"https:\/\/cosme.com.pe\/en\/prensa\/\" \/>\n<meta property=\"og:locale\" content=\"en_US\" \/>\n<meta property=\"og:type\" content=\"article\" \/>\n<meta property=\"og:title\" content=\"Prensa | COSME Restaurante en los Medios\" \/>\n<meta property=\"og:description\" content=\"Descubre lo que dicen los medios sobre COSME Restaurante, con art\u00edculos en El Comercio, Per\u00fa21, La Rep\u00fablica, Somos y m\u00e1s.\" \/>\n<meta property=\"og:url\" content=\"https:\/\/cosme.com.pe\/en\/prensa\/\" \/>\n<meta property=\"og:site_name\" content=\"COSME Restaurante | Comfort Food con Sabor Casero en Lima\" \/>\n<meta property=\"article:modified_time\" content=\"2025-02-23T21:13:22+00:00\" \/>\n<meta name=\"twitter:card\" content=\"summary_large_image\" \/>\n<meta name=\"twitter:label1\" content=\"Est. reading time\" \/>\n\t<meta name=\"twitter:data1\" content=\"1 minute\" \/>\n<script type=\"application\/ld+json\" class=\"yoast-schema-graph\">{\"@context\":\"https:\/\/schema.org\",\"@graph\":[{\"@type\":\"WebPage\",\"@id\":\"https:\/\/cosme.com.pe\/prensa\/\",\"url\":\"https:\/\/cosme.com.pe\/prensa\/\",\"name\":\"Prensa | COSME Restaurante en los Medios\",\"isPartOf\":{\"@id\":\"https:\/\/cosme.com.pe\/#website\"},\"datePublished\":\"2025-02-16T18:21:52+00:00\",\"dateModified\":\"2025-02-23T21:13:22+00:00\",\"description\":\"Descubre lo que dicen los medios sobre COSME Restaurante, con art\u00edculos en El Comercio, Per\u00fa21, La Rep\u00fablica, Somos y m\u00e1s.\",\"breadcrumb\":{\"@id\":\"https:\/\/cosme.com.pe\/prensa\/#breadcrumb\"},\"inLanguage\":\"en-US\",\"potentialAction\":[{\"@type\":\"ReadAction\",\"target\":[\"https:\/\/cosme.com.pe\/prensa\/\"]}]},{\"@type\":\"BreadcrumbList\",\"@id\":\"https:\/\/cosme.com.pe\/prensa\/#breadcrumb\",\"itemListElement\":[{\"@type\":\"ListItem\",\"position\":1,\"name\":\"Portada\",\"item\":\"https:\/\/cosme.com.pe\/\"},{\"@type\":\"ListItem\",\"position\":2,\"name\":\"Prensa\"}]},{\"@type\":\"WebSite\",\"@id\":\"https:\/\/cosme.com.pe\/#website\",\"url\":\"https:\/\/cosme.com.pe\/\",\"name\":\"COSME Restaurante | Comfort Food con Sabor Casero en Lima\",\"description\":\"COSME Restaurante en Lima ofrece comfort food con ingredientes frescos, t\u00e9cnicas modernas y un ambiente acogedor. \u00a1Sabores caseros con un toque innovador!\",\"potentialAction\":[{\"@type\":\"SearchAction\",\"target\":{\"@type\":\"EntryPoint\",\"urlTemplate\":\"https:\/\/cosme.com.pe\/?s={search_term_string}\"},\"query-input\":{\"@type\":\"PropertyValueSpecification\",\"valueRequired\":true,\"valueName\":\"search_term_string\"}}],\"inLanguage\":\"en-US\"}]}<\/script>\n<!-- \/ Yoast SEO plugin. -->","yoast_head_json":{"title":"Prensa | COSME Restaurante en los Medios","description":"Descubre lo que dicen los medios sobre COSME Restaurante, con art\u00edculos en El Comercio, Per\u00fa21, La Rep\u00fablica, Somos y m\u00e1s.","robots":{"index":"index","follow":"follow","max-snippet":"max-snippet:-1","max-image-preview":"max-image-preview:large","max-video-preview":"max-video-preview:-1"},"canonical":"https:\/\/cosme.com.pe\/en\/prensa\/","og_locale":"en_US","og_type":"article","og_title":"Prensa | COSME Restaurante en los Medios","og_description":"Descubre lo que dicen los medios sobre COSME Restaurante, con art\u00edculos en El Comercio, Per\u00fa21, La Rep\u00fablica, Somos y m\u00e1s.","og_url":"https:\/\/cosme.com.pe\/en\/prensa\/","og_site_name":"COSME Restaurante | Comfort Food con Sabor Casero en Lima","article_modified_time":"2025-02-23T21:13:22+00:00","twitter_card":"summary_large_image","twitter_misc":{"Est. reading time":"1 minute"},"schema":{"@context":"https:\/\/schema.org","@graph":[{"@type":"WebPage","@id":"https:\/\/cosme.com.pe\/prensa\/","url":"https:\/\/cosme.com.pe\/prensa\/","name":"Prensa | COSME Restaurante en los Medios","isPartOf":{"@id":"https:\/\/cosme.com.pe\/#website"},"datePublished":"2025-02-16T18:21:52+00:00","dateModified":"2025-02-23T21:13:22+00:00","description":"Descubre lo que dicen los medios sobre COSME Restaurante, con art\u00edculos en El Comercio, Per\u00fa21, La Rep\u00fablica, Somos y m\u00e1s.","breadcrumb":{"@id":"https:\/\/cosme.com.pe\/prensa\/#breadcrumb"},"inLanguage":"en-US","potentialAction":[{"@type":"ReadAction","target":["https:\/\/cosme.com.pe\/prensa\/"]}]},{"@type":"BreadcrumbList","@id":"https:\/\/cosme.com.pe\/prensa\/#breadcrumb","itemListElement":[{"@type":"ListItem","position":1,"name":"Portada","item":"https:\/\/cosme.com.pe\/"},{"@type":"ListItem","position":2,"name":"Prensa"}]},{"@type":"WebSite","@id":"https:\/\/cosme.com.pe\/#website","url":"https:\/\/cosme.com.pe\/","name":"COSME Restaurante | Comfort Food con Sabor Casero en Lima","description":"COSME Restaurante en Lima ofrece comfort food con ingredientes frescos, t\u00e9cnicas modernas y un ambiente acogedor. \u00a1Sabores caseros con un toque innovador!","potentialAction":[{"@type":"SearchAction","target":{"@type":"EntryPoint","urlTemplate":"https:\/\/cosme.com.pe\/?s={search_term_string}"},"query-input":{"@type":"PropertyValueSpecification","valueRequired":true,"valueName":"search_term_string"}}],"inLanguage":"en-US"}]}},"_links":{"self":[{"href":"https:\/\/cosme.com.pe\/en\/wp-json\/wp\/v2\/pages\/128","targetHints":{"allow":["GET"]}}],"collection":[{"href":"https:\/\/cosme.com.pe\/en\/wp-json\/wp\/v2\/pages"}],"about":[{"href":"https:\/\/cosme.com.pe\/en\/wp-json\/wp\/v2\/types\/page"}],"author":[{"embeddable":true,"href":"https:\/\/cosme.com.pe\/en\/wp-json\/wp\/v2\/users\/1"}],"replies":[{"embeddable":true,"href":"https:\/\/cosme.com.pe\/en\/wp-json\/wp\/v2\/comments?post=128"}],"version-history":[{"count":30,"href":"https:\/\/cosme.com.pe\/en\/wp-json\/wp\/v2\/pages\/128\/revisions"}],"predecessor-version":[{"id":516,"href":"https:\/\/cosme.com.pe\/en\/wp-json\/wp\/v2\/pages\/128\/revisions\/516"}],"wp:attachment":[{"href":"https:\/\/cosme.com.pe\/en\/wp-json\/wp\/v2\/media?parent=128"}],"curies":[{"name":"wp","href":"https:\/\/api.w.org\/{rel}","templated":true}]}}