{"id":124,"date":"2025-02-16T18:15:41","date_gmt":"2025-02-16T18:15:41","guid":{"rendered":"https:\/\/cosme.com.pe\/?page_id=124"},"modified":"2026-02-13T22:34:31","modified_gmt":"2026-02-13T22:34:31","slug":"experiencia-cosme","status":"publish","type":"page","link":"https:\/\/cosme.com.pe\/en\/experiencia-cosme\/","title":{"rendered":"Cosme Experience"},"content":{"rendered":"","protected":false},"excerpt":{"rendered":"","protected":false},"author":1,"featured_media":0,"parent":0,"menu_order":0,"comment_status":"closed","ping_status":"closed","template":"","meta":[],"class_list":["post-124","page","type-page","status-publish","hentry"],"yoast_head":"<!-- This site is optimized with the Yoast SEO plugin v26.9 - https:\/\/yoast.com\/product\/yoast-seo-wordpress\/ -->\n<title>Experiencia COSME | Chef\u2019s Choice &amp; Men\u00fa Degustaci\u00f3n<\/title>\n<meta name=\"description\" content=\"Descubre la Experiencia COSME, un men\u00fa degustaci\u00f3n de 9 tiempos dise\u00f1ado por el chef James Berckemeyer. Reserva con 24 horas de anticipaci\u00f3n.\" \/>\n<meta name=\"robots\" content=\"index, follow, max-snippet:-1, max-image-preview:large, max-video-preview:-1\" \/>\n<link rel=\"canonical\" href=\"https:\/\/cosme.com.pe\/en\/experiencia-cosme\/\" \/>\n<meta property=\"og:locale\" content=\"en_US\" \/>\n<meta property=\"og:type\" content=\"article\" \/>\n<meta property=\"og:title\" content=\"Experiencia COSME | Chef\u2019s Choice &amp; Men\u00fa Degustaci\u00f3n\" \/>\n<meta property=\"og:description\" content=\"Descubre la Experiencia COSME, un men\u00fa degustaci\u00f3n de 9 tiempos dise\u00f1ado por el chef James Berckemeyer. Reserva con 24 horas de anticipaci\u00f3n.\" \/>\n<meta property=\"og:url\" content=\"https:\/\/cosme.com.pe\/en\/experiencia-cosme\/\" \/>\n<meta property=\"og:site_name\" content=\"COSME Restaurante | Comfort Food con Sabor Casero en Lima\" \/>\n<meta property=\"article:modified_time\" content=\"2026-02-13T22:34:31+00:00\" \/>\n<meta name=\"twitter:card\" content=\"summary_large_image\" \/>\n<meta name=\"twitter:label1\" content=\"Est. reading time\" \/>\n\t<meta name=\"twitter:data1\" content=\"2 minutes\" \/>\n<script type=\"application\/ld+json\" class=\"yoast-schema-graph\">{\"@context\":\"https:\/\/schema.org\",\"@graph\":[{\"@type\":\"WebPage\",\"@id\":\"https:\/\/cosme.com.pe\/experiencia-cosme\/\",\"url\":\"https:\/\/cosme.com.pe\/experiencia-cosme\/\",\"name\":\"Experiencia COSME | Chef\u2019s Choice & Men\u00fa Degustaci\u00f3n\",\"isPartOf\":{\"@id\":\"https:\/\/cosme.com.pe\/#website\"},\"datePublished\":\"2025-02-16T18:15:41+00:00\",\"dateModified\":\"2026-02-13T22:34:31+00:00\",\"description\":\"Descubre la Experiencia COSME, un men\u00fa degustaci\u00f3n de 9 tiempos dise\u00f1ado por el chef James Berckemeyer. Reserva con 24 horas de anticipaci\u00f3n.\",\"breadcrumb\":{\"@id\":\"https:\/\/cosme.com.pe\/experiencia-cosme\/#breadcrumb\"},\"inLanguage\":\"en-US\",\"potentialAction\":[{\"@type\":\"ReadAction\",\"target\":[\"https:\/\/cosme.com.pe\/experiencia-cosme\/\"]}]},{\"@type\":\"BreadcrumbList\",\"@id\":\"https:\/\/cosme.com.pe\/experiencia-cosme\/#breadcrumb\",\"itemListElement\":[{\"@type\":\"ListItem\",\"position\":1,\"name\":\"Portada\",\"item\":\"https:\/\/cosme.com.pe\/\"},{\"@type\":\"ListItem\",\"position\":2,\"name\":\"Experiencia Cosme\"}]},{\"@type\":\"WebSite\",\"@id\":\"https:\/\/cosme.com.pe\/#website\",\"url\":\"https:\/\/cosme.com.pe\/\",\"name\":\"COSME Restaurante | Comfort Food con Sabor Casero en Lima\",\"description\":\"COSME Restaurante en Lima ofrece comfort food con ingredientes frescos, t\u00e9cnicas modernas y un ambiente acogedor. \u00a1Sabores caseros con un toque innovador!\",\"potentialAction\":[{\"@type\":\"SearchAction\",\"target\":{\"@type\":\"EntryPoint\",\"urlTemplate\":\"https:\/\/cosme.com.pe\/?s={search_term_string}\"},\"query-input\":{\"@type\":\"PropertyValueSpecification\",\"valueRequired\":true,\"valueName\":\"search_term_string\"}}],\"inLanguage\":\"en-US\"}]}<\/script>\n<!-- \/ Yoast SEO plugin. -->","yoast_head_json":{"title":"Experiencia COSME | Chef\u2019s Choice & Men\u00fa Degustaci\u00f3n","description":"Descubre la Experiencia COSME, un men\u00fa degustaci\u00f3n de 9 tiempos dise\u00f1ado por el chef James Berckemeyer. Reserva con 24 horas de anticipaci\u00f3n.","robots":{"index":"index","follow":"follow","max-snippet":"max-snippet:-1","max-image-preview":"max-image-preview:large","max-video-preview":"max-video-preview:-1"},"canonical":"https:\/\/cosme.com.pe\/en\/experiencia-cosme\/","og_locale":"en_US","og_type":"article","og_title":"Experiencia COSME | Chef\u2019s Choice & Men\u00fa Degustaci\u00f3n","og_description":"Descubre la Experiencia COSME, un men\u00fa degustaci\u00f3n de 9 tiempos dise\u00f1ado por el chef James Berckemeyer. Reserva con 24 horas de anticipaci\u00f3n.","og_url":"https:\/\/cosme.com.pe\/en\/experiencia-cosme\/","og_site_name":"COSME Restaurante | Comfort Food con Sabor Casero en Lima","article_modified_time":"2026-02-13T22:34:31+00:00","twitter_card":"summary_large_image","twitter_misc":{"Est. reading time":"2 minutes"},"schema":{"@context":"https:\/\/schema.org","@graph":[{"@type":"WebPage","@id":"https:\/\/cosme.com.pe\/experiencia-cosme\/","url":"https:\/\/cosme.com.pe\/experiencia-cosme\/","name":"Experiencia COSME | Chef\u2019s Choice & Men\u00fa Degustaci\u00f3n","isPartOf":{"@id":"https:\/\/cosme.com.pe\/#website"},"datePublished":"2025-02-16T18:15:41+00:00","dateModified":"2026-02-13T22:34:31+00:00","description":"Descubre la Experiencia COSME, un men\u00fa degustaci\u00f3n de 9 tiempos dise\u00f1ado por el chef James Berckemeyer. Reserva con 24 horas de anticipaci\u00f3n.","breadcrumb":{"@id":"https:\/\/cosme.com.pe\/experiencia-cosme\/#breadcrumb"},"inLanguage":"en-US","potentialAction":[{"@type":"ReadAction","target":["https:\/\/cosme.com.pe\/experiencia-cosme\/"]}]},{"@type":"BreadcrumbList","@id":"https:\/\/cosme.com.pe\/experiencia-cosme\/#breadcrumb","itemListElement":[{"@type":"ListItem","position":1,"name":"Portada","item":"https:\/\/cosme.com.pe\/"},{"@type":"ListItem","position":2,"name":"Experiencia Cosme"}]},{"@type":"WebSite","@id":"https:\/\/cosme.com.pe\/#website","url":"https:\/\/cosme.com.pe\/","name":"COSME Restaurante | Comfort Food con Sabor Casero en Lima","description":"COSME Restaurante en Lima ofrece comfort food con ingredientes frescos, t\u00e9cnicas modernas y un ambiente acogedor. \u00a1Sabores caseros con un toque innovador!","potentialAction":[{"@type":"SearchAction","target":{"@type":"EntryPoint","urlTemplate":"https:\/\/cosme.com.pe\/?s={search_term_string}"},"query-input":{"@type":"PropertyValueSpecification","valueRequired":true,"valueName":"search_term_string"}}],"inLanguage":"en-US"}]}},"_links":{"self":[{"href":"https:\/\/cosme.com.pe\/en\/wp-json\/wp\/v2\/pages\/124","targetHints":{"allow":["GET"]}}],"collection":[{"href":"https:\/\/cosme.com.pe\/en\/wp-json\/wp\/v2\/pages"}],"about":[{"href":"https:\/\/cosme.com.pe\/en\/wp-json\/wp\/v2\/types\/page"}],"author":[{"embeddable":true,"href":"https:\/\/cosme.com.pe\/en\/wp-json\/wp\/v2\/users\/1"}],"replies":[{"embeddable":true,"href":"https:\/\/cosme.com.pe\/en\/wp-json\/wp\/v2\/comments?post=124"}],"version-history":[{"count":29,"href":"https:\/\/cosme.com.pe\/en\/wp-json\/wp\/v2\/pages\/124\/revisions"}],"predecessor-version":[{"id":871,"href":"https:\/\/cosme.com.pe\/en\/wp-json\/wp\/v2\/pages\/124\/revisions\/871"}],"wp:attachment":[{"href":"https:\/\/cosme.com.pe\/en\/wp-json\/wp\/v2\/media?parent=124"}],"curies":[{"name":"wp","href":"https:\/\/api.w.org\/{rel}","templated":true}]}}